{"id":106,"date":"2019-07-19T18:53:01","date_gmt":"2019-07-19T18:53:01","guid":{"rendered":"http:\/\/demo1.agentubiquity.com\/?page_id=12"},"modified":"2021-12-17T09:27:02","modified_gmt":"2021-12-17T08:27:02","slug":"our-properties","status":"publish","type":"page","link":"https:\/\/www.stph.sk\/predaj-nehnutelnosti\/","title":{"rendered":"Ponuka nehnute\u013enost\u00ed"},"content":{"rendered":"\t\t<div data-elementor-type=\"wp-post\" data-elementor-id=\"106\" class=\"elementor elementor-106\" data-elementor-settings=\"[]\">\n\t\t\t\t\t\t\t<div class=\"elementor-section-wrap\">\n\t\t\t\t\t\t\t<section class=\"elementor-section elementor-top-section elementor-element elementor-element-7a959f0 elementor-section-full_width elementor-section-height-default elementor-section-height-default elementor-invisible\" data-id=\"7a959f0\" data-element_type=\"section\" data-settings=\"{&quot;animation&quot;:&quot;fadeInUp&quot;}\">\n\t\t\t\t\t\t<div class=\"elementor-container elementor-column-gap-default\">\n\t\t\t\t\t<div class=\"elementor-column elementor-col-100 elementor-top-column elementor-element elementor-element-f6513b4\" data-id=\"f6513b4\" data-element_type=\"column\">\n\t\t\t<div class=\"elementor-widget-wrap elementor-element-populated\">\n\t\t\t\t\t\t\t\t<div class=\"elementor-element elementor-element-555dbc4 elementor-widget elementor-widget-ct-listings-grid\" data-id=\"555dbc4\" data-element_type=\"widget\" data-widget_type=\"ct-listings-grid.default\">\n\t\t\t\t<div class=\"elementor-widget-container\">\n\t\t\t<ul class=\"col span_12 row first\"><style>.virtual-tour-badge { position: absolute; top: 45px; right: 10px; background-color: rgba(0,0,0,0.4); color: #fff; font-size: 10px; line-height: 1; width: 36px; padding: 6px 3px; border-radius: 3px; text-align: center; font-weight: 400; z-index: 10;} .virtual-tour-badge.no-status { top: 16px;} .listing.minimal .virtual-tour-badge { top: 50px; right: 15px;} .virtual-tour-badge svg { margin: 0 0 4px 0;} .virtual-tour-text-wrap { display: inline-block;}<\/style>\n\t\t\t\t<li  class=\"listing col span_4 standard first \">\n\t\t            <figure>\n\t\t            \t\t\t                <h6 class=\"snipe status predaj \"><span>Predaj <\/span><\/h6>\t\t                <span class=\"prop-type-icon\"><svg version=\"1.1\" xmlns=\"http:\/\/www.w3.org\/2000\/svg\" width=\"18\" height=\"18\" viewBox=\"0 0 20 20\"> <path d=\"M19.871 12.165l-8.829-9.758c-0.274-0.303-0.644-0.47-1.042-0.47-0 0 0 0 0 0-0.397 0-0.767 0.167-1.042 0.47l-8.829 9.758c-0.185 0.205-0.169 0.521 0.035 0.706 0.096 0.087 0.216 0.129 0.335 0.129 0.136 0 0.272-0.055 0.371-0.165l2.129-2.353v8.018c0 0.827 0.673 1.5 1.5 1.5h11c0.827 0 1.5-0.673 1.5-1.5v-8.018l2.129 2.353c0.185 0.205 0.501 0.221 0.706 0.035s0.221-0.501 0.035-0.706zM12 19h-4v-4.5c0-0.276 0.224-0.5 0.5-0.5h3c0.276 0 0.5 0.224 0.5 0.5v4.5zM16 18.5c0 0.276-0.224 0.5-0.5 0.5h-2.5v-4.5c0-0.827-0.673-1.5-1.5-1.5h-3c-0.827 0-1.5 0.673-1.5 1.5v4.5h-2.5c-0.276 0-0.5-0.224-0.5-0.5v-9.123l5.7-6.3c0.082-0.091 0.189-0.141 0.3-0.141s0.218 0.050 0.3 0.141l5.7 6.3v9.123z\" fill=\"#ffffff\"><\/path> <\/svg><\/span>\t\t                <ul class=\"listing-actions\"><li><span class=\"listing-images-count\" data-tooltip=\"21 Fotografie\"><i class=\"fa fa-image\"><\/i><\/span><\/li><li><span class=\"save-this\" data-tooltip=\"Ob\u013e\u00faben\u00e9\"><span class='wpfp-span'><img src='https:\/\/www.stph.sk\/predaj-nehnutelnosti\/wp-content\/plugins\/ct-favorite-listings\/img\/loading.gif' alt='Loading' title='Loading' class='wpfp-hide wpfp-img' \/><a class='wpfp-link' href='?wpfpaction=add&amp;postid=167984' title='<i class=\"fa fa-heart-o\"><\/i>' rel='nofollow'><i class=\"fa fa-heart-o\"><\/i><\/a><\/span><\/span><\/li><li><span class=\"compare-this\" data-tooltip=\"Porovna\u0165\"><a href=\"#\" class=\"alike-button alike-button-style\" data-post-id=\"167984\" data-post-title=\"Sofort bezugsf\u00e4higes und gro\u00dfz\u00fcgiges Wohnhaus\" data-post-thumb=\"https:\/\/www.stph.sk\/predaj-nehnutelnosti\/wp-content\/uploads\/2021\/12\/859_684910785-150x150.jpg\" data-post-link=\"https:\/\/www.stph.sk\/predaj-nehnutelnosti\/ponuka\/sofort-bezugsfahiges-und-groszugiges-wohnhaus\/\" title=\"Add To Compare\"><i class=\"fa fa-plus-square-o\"><\/i><\/a>\n<\/span><\/li><li><span class=\"listing-views\" data-tooltip=\"1077 N\u00e1zory\"><i class=\"fa fa-bar-chart\"><\/i><\/span><\/li><\/ul>\t\t                \t\t\t\t\t<a rel=\"167984\" class=\"show-secondary-image-false listing-featured-image\" href=\"https:\/\/www.stph.sk\/predaj-nehnutelnosti\/ponuka\/sofort-bezugsfahiges-und-groszugiges-wohnhaus\/\">\n\t\t\t\t\t\t<img decoding=\"async\" src=\"https:\/\/www.stph.sk\/predaj-nehnutelnosti\/wp-content\/uploads\/2021\/12\/859_684910785.jpg\" class=\"attachment-listings-featured-image size-listings-featured-image wp-post-image\" alt=\"\" data-secondary-img=\"show-secondary-image-false\" \/>\t\t\t\t\t\t\t\t\t\t\t<\/a>\n\t\t \t\t\t\t\t\t\n\t\t\t\t\t            <\/figure>\n\n\t\t            \n\t\t            <div class=\"grid-listing-info\">\n\t\t\t            <header>\n\t\t\t            \t\n\t\t\t            \t\t                    \n\t\t                    <h5 class=\"listing-title\">\n\t\t                        <a class=\"listing-link\" href=\"https:\/\/www.stph.sk\/predaj-nehnutelnosti\/ponuka\/sofort-bezugsfahiges-und-groszugiges-wohnhaus\/\" rel=\"167984\">\n\t\t\t\t\t\t\t\t\tSofort Bezugsf\u00e4higes Und Gro\u00dfz\u00fcgiges Wohnhaus\t\t                        <\/a>\n\t\t                    <\/h5>\n\t\t\t\t\t\t\t\n\t\t\t\t\t\t\t\n\t\t                    <p class=\"location muted marB0\">\n\t\t                    \tPama,  2422 \t\t\t\t\t\t\t<\/p>\n\t\t                <\/header>\n\n\t\t                \t\t\t                <p class=\"price marB0\"><span class='listing-price'>359&nbsp;000,00\u20ac<\/span><\/p>\n\n\t\t\t\t\t\t\t\n\t\t\t                <div class=\"propinfo\">\n\t\t\t                \t\t\t\t                    <p>Objektbeschreibung Kommen um zu bleiben! Das Wohnhaus vermittelt ein gro\u00dfz\u00fcgiges Lebensgef\u00fchl und ist als Hauptwohnsitz und Familienrefugium bestens geeignet. Erdgeschoss: Vorraum Diele Toilette Bad...<\/p>\n\t\t\t                    <ul class=\"marB0\">\n\t\t\t                    \t\t\t\t\t\t\t\t\t\t<li class=\"row sqft\"><span class=\"muted left\"> m2<\/span><span class=\"right\">161<\/span><\/li><li class=\"row price-per\"><span class=\"muted left\">Cena Za m2<\/span><span class=\"right\">2&nbsp;229,81\u20ac<\/span><\/li><li class=\"row property-type\"><span class=\"muted left\">Nehnute\u013enos\u0165<\/span><span class=\"right\">Rodinn\u00fd dom<\/span><\/li>\t\t\t                    <\/ul>\n\t\t\t                    \t\t\t                <\/div>\n\t\t\t            \n\t\t\t\t\t\t\n\t\t\t            \n\t\t                \t\t\t            \t\t\t            <div class=\"grid-agent-info col span_12 first\"><div class=\"left\"><p class=\"marB0\"><a href=\"https:\/\/www.stph.sk\/predaj-nehnutelnosti\/agents\/vr3c0\/\"> <\/a><\/p><\/div><div class=\"right\"><figure class=\"grid-agent-image\"><a href=\"https:\/\/www.stph.sk\/predaj-nehnutelnosti\/agents\/vr3c0\/\"><img decoding=\"async\" src=\"https:\/\/www.stph.sk\/predaj-nehnutelnosti\/wp-content\/themes\/realestate-7\/images\/user-default.png\" \/><\/a><\/figure><\/div><\/div>\n\t\t            <\/div>\n\n\t            \t\t\t\t\n\t\t        <\/li>\n\n\t        <\/ul><div class=\"clear\"><\/div>\t\t<\/div>\n\t\t\t\t<\/div>\n\t\t\t\t\t<\/div>\n\t\t<\/div>\n\t\t\t\t\t\t\t<\/div>\n\t\t<\/section>\n\t\t\t\t\t\t<\/div>\n\t\t\t\t\t<\/div>\n\t\t","protected":false},"excerpt":{"rendered":"<p>Vystupoval For Rent Downtown Penthouse San Diego, CA 92101 12&nbsp;500,00\u20ac \/month Stunning Urban Contemporary. For those seeking the best of Urban Living!! Bright, airy open floor plan with 3 full bedrooms and 2 baths. Corner&#8230; Poste\u013e3 K\u00fape\u013e3 m24&nbsp;300 DruhCondo\/Townhome Vystupoval For Sale Open House 8542 El Paseo Grande La Jolla, CA 92037 8&nbsp;300&nbsp;000,00\u20ac Stunning Urban [&hellip;]<\/p>\n","protected":false},"author":1,"featured_media":0,"parent":0,"menu_order":0,"comment_status":"closed","ping_status":"closed","template":"template-full-width.php","meta":{"footnotes":""},"class_list":["post-106","page","type-page","status-publish","hentry"],"_links":{"self":[{"href":"https:\/\/www.stph.sk\/predaj-nehnutelnosti\/wp-json\/wp\/v2\/pages\/106","targetHints":{"allow":["GET"]}}],"collection":[{"href":"https:\/\/www.stph.sk\/predaj-nehnutelnosti\/wp-json\/wp\/v2\/pages"}],"about":[{"href":"https:\/\/www.stph.sk\/predaj-nehnutelnosti\/wp-json\/wp\/v2\/types\/page"}],"author":[{"embeddable":true,"href":"https:\/\/www.stph.sk\/predaj-nehnutelnosti\/wp-json\/wp\/v2\/users\/1"}],"replies":[{"embeddable":true,"href":"https:\/\/www.stph.sk\/predaj-nehnutelnosti\/wp-json\/wp\/v2\/comments?post=106"}],"version-history":[{"count":6,"href":"https:\/\/www.stph.sk\/predaj-nehnutelnosti\/wp-json\/wp\/v2\/pages\/106\/revisions"}],"predecessor-version":[{"id":167973,"href":"https:\/\/www.stph.sk\/predaj-nehnutelnosti\/wp-json\/wp\/v2\/pages\/106\/revisions\/167973"}],"wp:attachment":[{"href":"https:\/\/www.stph.sk\/predaj-nehnutelnosti\/wp-json\/wp\/v2\/media?parent=106"}],"curies":[{"name":"wp","href":"https:\/\/api.w.org\/{rel}","templated":true}]}}